{"id":6382,"date":"2025-01-30T17:36:51","date_gmt":"2025-01-30T10:36:51","guid":{"rendered":"https:\/\/kla.vn\/?post_type=product&#038;p=6382"},"modified":"2025-01-30T17:36:51","modified_gmt":"2025-01-30T10:36:51","slug":"calathea-picturata","status":"publish","type":"product","link":"https:\/\/kla.vn\/en\/plant\/calathea-picturata\/","title":{"rendered":"C\u00e2y \u0111u\u00f4i c\u00f4ng Picturata (Calathea Picturata)"},"content":{"rendered":"<h3>How to grow and care for Calathea<\/h3>\n<h4><strong>Difficulty of planting<\/strong><\/h4>\n<p><img loading=\"lazy\" decoding=\"async\" class=\"alignnone wp-image-5596 size-full\" src=\"https:\/\/kla.vn\/wp-content\/uploads\/2025\/01\/do-kho-trong-duoi-cong-calathea.jpg\" alt=\"Calathea growing difficulty\" width=\"800\" height=\"282\" srcset=\"https:\/\/kla.vn\/wp-content\/uploads\/2025\/01\/do-kho-trong-duoi-cong-calathea.jpg 800w, https:\/\/kla.vn\/wp-content\/uploads\/2025\/01\/do-kho-trong-duoi-cong-calathea-300x106.jpg 300w, https:\/\/kla.vn\/wp-content\/uploads\/2025\/01\/do-kho-trong-duoi-cong-calathea-768x271.jpg 768w, https:\/\/kla.vn\/wp-content\/uploads\/2025\/01\/do-kho-trong-duoi-cong-calathea-150x53.jpg 150w, https:\/\/kla.vn\/wp-content\/uploads\/2025\/01\/do-kho-trong-duoi-cong-calathea-696x245.jpg 696w, https:\/\/kla.vn\/wp-content\/uploads\/2025\/01\/do-kho-trong-duoi-cong-calathea-600x212.jpg 600w\" sizes=\"auto, (max-width: 800px) 100vw, 800px\" \/><\/p>\n<p style=\"text-align: center;\"><strong>Difficulty: 3-4\/6<\/strong><\/p>\n<p>Growing Calathea requires a little care and attention to its living environment. As long as the environment is suitable, the peacock plant does not need much care to grow.<\/p>\n<h4><strong>Soil<\/strong><\/h4>\n<p><img loading=\"lazy\" decoding=\"async\" class=\"wp-image-5583 size-full aligncenter\" src=\"https:\/\/kla.vn\/wp-content\/uploads\/2025\/01\/gia-the-chat-trong-calathea-duoi-cong.jpg\" alt=\"Calathea growing medium\" width=\"800\" height=\"600\" srcset=\"https:\/\/kla.vn\/wp-content\/uploads\/2025\/01\/gia-the-chat-trong-calathea-duoi-cong.jpg 800w, https:\/\/kla.vn\/wp-content\/uploads\/2025\/01\/gia-the-chat-trong-calathea-duoi-cong-300x225.jpg 300w, https:\/\/kla.vn\/wp-content\/uploads\/2025\/01\/gia-the-chat-trong-calathea-duoi-cong-768x576.jpg 768w, https:\/\/kla.vn\/wp-content\/uploads\/2025\/01\/gia-the-chat-trong-calathea-duoi-cong-150x113.jpg 150w, https:\/\/kla.vn\/wp-content\/uploads\/2025\/01\/gia-the-chat-trong-calathea-duoi-cong-696x522.jpg 696w, https:\/\/kla.vn\/wp-content\/uploads\/2025\/01\/gia-the-chat-trong-calathea-duoi-cong-600x450.jpg 600w\" sizes=\"auto, (max-width: 800px) 100vw, 800px\" \/><\/p>\n<p>Calathea prefers loam or loam, a medium rich in organic matter but still well drained. Most potting mixes made from coconut coir, rice husks or peat are suitable but make sure they do not retain water.<\/p>\n<h4><strong>Light<\/strong><\/h4>\n<p><img loading=\"lazy\" decoding=\"async\" class=\"wp-image-2644 aligncenter\" src=\"https:\/\/kla.vn\/wp-content\/uploads\/2024\/01\/icon-04.png\" alt=\"fern care\" width=\"161\" height=\"30\" srcset=\"https:\/\/kla.vn\/wp-content\/uploads\/2024\/01\/icon-04.png 803w, https:\/\/kla.vn\/wp-content\/uploads\/2024\/01\/icon-04-18x3.png 18w, https:\/\/kla.vn\/wp-content\/uploads\/2024\/01\/icon-04-300x56.png 300w, https:\/\/kla.vn\/wp-content\/uploads\/2024\/01\/icon-04-768x143.png 768w, https:\/\/kla.vn\/wp-content\/uploads\/2024\/01\/icon-04-150x28.png 150w, https:\/\/kla.vn\/wp-content\/uploads\/2024\/01\/icon-04-696x130.png 696w, https:\/\/kla.vn\/wp-content\/uploads\/2024\/01\/icon-04-600x112.png 600w\" sizes=\"auto, (max-width: 161px) 100vw, 161px\" \/><\/p>\n<p>Calathea prefers shade, all types of Calathea like indirect light 30%, high light will cause their leaves to burn and not grow.<\/p>\n<h4><strong>Temperature<\/strong><\/h4>\n<p><img loading=\"lazy\" decoding=\"async\" class=\"wp-image-540 aligncenter\" src=\"https:\/\/kla.vn\/wp-content\/uploads\/2022\/03\/icon-02.png\" alt=\"\" width=\"162\" height=\"30\" srcset=\"https:\/\/kla.vn\/wp-content\/uploads\/2022\/03\/icon-02.png 808w, https:\/\/kla.vn\/wp-content\/uploads\/2022\/03\/icon-02-600x111.png 600w, https:\/\/kla.vn\/wp-content\/uploads\/2022\/03\/icon-02-300x56.png 300w, https:\/\/kla.vn\/wp-content\/uploads\/2022\/03\/icon-02-768x143.png 768w, https:\/\/kla.vn\/wp-content\/uploads\/2022\/03\/icon-02-150x28.png 150w, https:\/\/kla.vn\/wp-content\/uploads\/2022\/03\/icon-02-696x129.png 696w\" sizes=\"auto, (max-width: 162px) 100vw, 162px\" \/><\/p>\n<div>Calathea prefers cool environments. Calathea will grow very quickly if kept in temperatures between 22\u00b0C and 30\u00b0C.<\/div>\n<h4><strong>Water\u00a0<\/strong><\/h4>\n<p><img loading=\"lazy\" decoding=\"async\" class=\"wp-image-4376 aligncenter\" src=\"http:\/\/kla.vn\/wp-content\/uploads\/2024\/09\/icon-07-300x56.png\" alt=\"\" width=\"160\" height=\"30\" srcset=\"https:\/\/kla.vn\/wp-content\/uploads\/2024\/09\/icon-07-300x56.png 300w, https:\/\/kla.vn\/wp-content\/uploads\/2024\/09\/icon-07-18x3.png 18w, https:\/\/kla.vn\/wp-content\/uploads\/2024\/09\/icon-07-768x144.png 768w, https:\/\/kla.vn\/wp-content\/uploads\/2024\/09\/icon-07-150x28.png 150w, https:\/\/kla.vn\/wp-content\/uploads\/2024\/09\/icon-07-696x131.png 696w, https:\/\/kla.vn\/wp-content\/uploads\/2024\/09\/icon-07-600x113.png 600w, https:\/\/kla.vn\/wp-content\/uploads\/2024\/09\/icon-07.png 805w\" sizes=\"auto, (max-width: 160px) 100vw, 160px\" \/><\/p>\n<p>Calathea likes water but does not like to be waterlogged. Water moderately, cacti are drought tolerant plants, do not require too much water. You should mist when the potting medium is still moist and water when the medium is just dry.<\/p>\n<h4><strong>Humidity<\/strong><\/h4>\n<p><img loading=\"lazy\" decoding=\"async\" class=\"wp-image-4378 aligncenter\" src=\"http:\/\/kla.vn\/wp-content\/uploads\/2024\/09\/kla.vn-do-am-icon-2-300x56.png\" alt=\"\" width=\"161\" height=\"30\" srcset=\"https:\/\/kla.vn\/wp-content\/uploads\/2024\/09\/kla.vn-do-am-icon-2-300x56.png 300w, https:\/\/kla.vn\/wp-content\/uploads\/2024\/09\/kla.vn-do-am-icon-2-18x3.png 18w, https:\/\/kla.vn\/wp-content\/uploads\/2024\/09\/kla.vn-do-am-icon-2-150x28.png 150w, https:\/\/kla.vn\/wp-content\/uploads\/2024\/09\/kla.vn-do-am-icon-2.png 387w\" sizes=\"auto, (max-width: 161px) 100vw, 161px\" \/><\/p>\n<p>The best humidity for the plant is above 50%. Humidity lower than this will cause their foliage to curl and turn brown.<\/p>\n<h4><strong>pH<\/strong><\/h4>\n<p><img loading=\"lazy\" decoding=\"async\" class=\"wp-image-5575 size-full aligncenter\" src=\"https:\/\/kla.vn\/wp-content\/uploads\/2025\/01\/icon-ph-new.jpg\" alt=\"\" width=\"580\" height=\"200\" srcset=\"https:\/\/kla.vn\/wp-content\/uploads\/2025\/01\/icon-ph-new.jpg 580w, https:\/\/kla.vn\/wp-content\/uploads\/2025\/01\/icon-ph-new-300x103.jpg 300w, https:\/\/kla.vn\/wp-content\/uploads\/2025\/01\/icon-ph-new-150x52.jpg 150w\" sizes=\"auto, (max-width: 580px) 100vw, 580px\" \/><\/p>\n<p>The ideal pH range is 6.0 \u2013 7.0 pH. A slightly acidic or neutral soil pH is ideal.<\/p>\n<h4><strong>Pet-friendly<\/strong><\/h4>\n<p><img loading=\"lazy\" decoding=\"async\" class=\"wp-image-5595 size-full aligncenter\" src=\"https:\/\/kla.vn\/wp-content\/uploads\/2025\/01\/icon-pet-safe-calathea.jpg\" alt=\"Calathea Pet Friendliness\" width=\"800\" height=\"142\" srcset=\"https:\/\/kla.vn\/wp-content\/uploads\/2025\/01\/icon-pet-safe-calathea.jpg 800w, https:\/\/kla.vn\/wp-content\/uploads\/2025\/01\/icon-pet-safe-calathea-300x53.jpg 300w, https:\/\/kla.vn\/wp-content\/uploads\/2025\/01\/icon-pet-safe-calathea-768x136.jpg 768w, https:\/\/kla.vn\/wp-content\/uploads\/2025\/01\/icon-pet-safe-calathea-150x27.jpg 150w, https:\/\/kla.vn\/wp-content\/uploads\/2025\/01\/icon-pet-safe-calathea-696x124.jpg 696w, https:\/\/kla.vn\/wp-content\/uploads\/2025\/01\/icon-pet-safe-calathea-600x107.jpg 600w\" sizes=\"auto, (max-width: 800px) 100vw, 800px\" \/><\/p>\n<p>Calathea is pet friendly.<\/p>\n<p>&nbsp;<\/p>","protected":false},"excerpt":{"rendered":"<p>The Peacock Picturata features oval leaves with a smooth surface. The center of the leaf is silver or light green, surrounded by a dark green border like a natural frame. This border is sharp and clear, creating a delicate beauty for the plant. The underside of the leaf still has a deep purple color, creating a deep background when viewed from different angles.<\/p>","protected":false},"featured_media":6391,"template":"","meta":[],"product_brand":[],"product_cat":[48],"product_tag":[],"class_list":{"0":"post-6382","1":"product","2":"type-product","3":"status-publish","4":"has-post-thumbnail","6":"product_cat-calathea","8":"first","9":"instock","10":"featured","11":"shipping-taxable","12":"product-type-simple"},"_links":{"self":[{"href":"https:\/\/kla.vn\/en\/wp-json\/wp\/v2\/product\/6382","targetHints":{"allow":["GET"]}}],"collection":[{"href":"https:\/\/kla.vn\/en\/wp-json\/wp\/v2\/product"}],"about":[{"href":"https:\/\/kla.vn\/en\/wp-json\/wp\/v2\/types\/product"}],"wp:featuredmedia":[{"embeddable":true,"href":"https:\/\/kla.vn\/en\/wp-json\/wp\/v2\/media\/6391"}],"wp:attachment":[{"href":"https:\/\/kla.vn\/en\/wp-json\/wp\/v2\/media?parent=6382"}],"wp:term":[{"taxonomy":"product_brand","embeddable":true,"href":"https:\/\/kla.vn\/en\/wp-json\/wp\/v2\/product_brand?post=6382"},{"taxonomy":"product_cat","embeddable":true,"href":"https:\/\/kla.vn\/en\/wp-json\/wp\/v2\/product_cat?post=6382"},{"taxonomy":"product_tag","embeddable":true,"href":"https:\/\/kla.vn\/en\/wp-json\/wp\/v2\/product_tag?post=6382"}],"curies":[{"name":"wp","href":"https:\/\/api.w.org\/{rel}","templated":true}]}}