{"id":3633,"date":"2024-02-08T21:45:01","date_gmt":"2024-02-08T14:45:01","guid":{"rendered":"https:\/\/kla.vn\/?post_type=product&#038;p=3633"},"modified":"2026-02-21T11:13:26","modified_gmt":"2026-02-21T04:13:26","slug":"ravenala-madagascariensis","status":"publish","type":"product","link":"https:\/\/kla.vn\/es\/planta\/ravenala-madagascariensis\/","title":{"rendered":"Pl\u00e1tano abanico (Ravenala madagascariensis)"},"content":{"rendered":"<h4>C\u00f3mo plantar y cuidar<\/h4>\n<h4><strong>Luz<\/strong><\/h4>\n<p><img loading=\"lazy\" decoding=\"async\" class=\"alignnone wp-image-2841\" src=\"http:\/\/kla.vn\/wp-content\/uploads\/2024\/01\/icon-01.png\" alt=\"\" width=\"161\" height=\"30\" srcset=\"https:\/\/kla.vn\/wp-content\/uploads\/2024\/01\/icon-01.png 803w, https:\/\/kla.vn\/wp-content\/uploads\/2024\/01\/icon-01-18x3.png 18w, https:\/\/kla.vn\/wp-content\/uploads\/2024\/01\/icon-01-300x56.png 300w, https:\/\/kla.vn\/wp-content\/uploads\/2024\/01\/icon-01-768x143.png 768w, https:\/\/kla.vn\/wp-content\/uploads\/2024\/01\/icon-01-150x28.png 150w, https:\/\/kla.vn\/wp-content\/uploads\/2024\/01\/icon-01-696x130.png 696w, https:\/\/kla.vn\/wp-content\/uploads\/2024\/01\/icon-01-600x112.png 600w\" sizes=\"auto, (max-width: 161px) 100vw, 161px\" \/><\/p>\n<p>Prefiere luz indirecta ligera, algunas especies pueden tolerar luz directa pero no demasiada durante el d\u00eda.<\/p>\n<h4><strong>Temperatura<\/strong><\/h4>\n<p><img loading=\"lazy\" decoding=\"async\" class=\"alignnone wp-image-540\" src=\"http:\/\/kla.vn\/wp-content\/uploads\/2022\/03\/icon-02-300x56.png\" alt=\"\" width=\"162\" height=\"30\" srcset=\"https:\/\/kla.vn\/wp-content\/uploads\/2022\/03\/icon-02-300x56.png 300w, https:\/\/kla.vn\/wp-content\/uploads\/2022\/03\/icon-02-600x111.png 600w, https:\/\/kla.vn\/wp-content\/uploads\/2022\/03\/icon-02-768x143.png 768w, https:\/\/kla.vn\/wp-content\/uploads\/2022\/03\/icon-02-150x28.png 150w, https:\/\/kla.vn\/wp-content\/uploads\/2022\/03\/icon-02-696x129.png 696w, https:\/\/kla.vn\/wp-content\/uploads\/2022\/03\/icon-02.png 808w\" sizes=\"auto, (max-width: 162px) 100vw, 162px\" \/><\/p>\n<div>Las temperaturas frescas entre 18 y 29 \u00b0C le permitir\u00e1n crecer bien.<\/div>\n<h4><strong>Agua\u00a0<\/strong><\/h4>\n<p><img loading=\"lazy\" decoding=\"async\" class=\"alignnone wp-image-2275\" src=\"http:\/\/kla.vn\/wp-content\/uploads\/2023\/06\/kla.vn-nuoc-icon-2-300x56.png\" alt=\"\" width=\"160\" height=\"30\" srcset=\"https:\/\/kla.vn\/wp-content\/uploads\/2023\/06\/kla.vn-nuoc-icon-2-300x56.png 300w, https:\/\/kla.vn\/wp-content\/uploads\/2023\/06\/kla.vn-nuoc-icon-2-18x3.png 18w, https:\/\/kla.vn\/wp-content\/uploads\/2023\/06\/kla.vn-nuoc-icon-2-768x144.png 768w, https:\/\/kla.vn\/wp-content\/uploads\/2023\/06\/kla.vn-nuoc-icon-2-150x28.png 150w, https:\/\/kla.vn\/wp-content\/uploads\/2023\/06\/kla.vn-nuoc-icon-2-696x131.png 696w, https:\/\/kla.vn\/wp-content\/uploads\/2023\/06\/kla.vn-nuoc-icon-2-600x113.png 600w, https:\/\/kla.vn\/wp-content\/uploads\/2023\/06\/kla.vn-nuoc-icon-2.png 805w\" sizes=\"auto, (max-width: 160px) 100vw, 160px\" \/><\/p>\n<p>Regar abundantemente, pero mantenerlo aireado. Limitar el estancamiento del agua provocar\u00e1 pudrici\u00f3n de las ra\u00edces.<\/p>\n<h4><strong>Humedad<\/strong><\/h4>\n<p><img loading=\"lazy\" decoding=\"async\" class=\"alignnone wp-image-595\" src=\"http:\/\/kla.vn\/wp-content\/uploads\/2022\/03\/kla.vn-do-am-icon-300x56.png\" alt=\"\" width=\"161\" height=\"30\" srcset=\"https:\/\/kla.vn\/wp-content\/uploads\/2022\/03\/kla.vn-do-am-icon-300x56.png 300w, https:\/\/kla.vn\/wp-content\/uploads\/2022\/03\/kla.vn-do-am-icon-150x28.png 150w, https:\/\/kla.vn\/wp-content\/uploads\/2022\/03\/kla.vn-do-am-icon.png 387w\" sizes=\"auto, (max-width: 161px) 100vw, 161px\" \/><\/p>\n<p>La mejor humedad para las plantas es superior a 70%.<\/p>\n<h4><strong>pH<\/strong><\/h4>\n<p><img loading=\"lazy\" decoding=\"async\" class=\"alignnone wp-image-596\" src=\"http:\/\/kla.vn\/wp-content\/uploads\/2022\/03\/kla.vn-icon-pH-300x56.png\" alt=\"\" width=\"161\" height=\"30\" srcset=\"https:\/\/kla.vn\/wp-content\/uploads\/2022\/03\/kla.vn-icon-pH-300x56.png 300w, https:\/\/kla.vn\/wp-content\/uploads\/2022\/03\/kla.vn-icon-pH-150x28.png 150w, https:\/\/kla.vn\/wp-content\/uploads\/2022\/03\/kla.vn-icon-pH.png 387w\" sizes=\"auto, (max-width: 161px) 100vw, 161px\" \/><\/p>\n<p>El rango de pH ideal es de 5,0 \u2013 7,0 pH.<\/p>\n<p>&nbsp;<\/p>","protected":false},"excerpt":{"rendered":"<p>Ravenala es un g\u00e9nero de plantas con flores monocotiled\u00f3neas. Cl\u00e1sicamente, se considera que el g\u00e9nero consta de una sola especie, Ravenala madagascariensis, conocida com\u00fanmente como palma del viajero, palma del viajero o palma Este-Oeste, de Madagascar.<\/p>","protected":false},"featured_media":3635,"template":"","meta":[],"product_brand":[],"product_cat":[494],"product_tag":[],"class_list":{"0":"post-3633","1":"product","2":"type-product","3":"status-publish","4":"has-post-thumbnail","6":"product_cat-strelitziaceae","8":"first","9":"instock","10":"featured","11":"shipping-taxable","12":"product-type-simple"},"_links":{"self":[{"href":"https:\/\/kla.vn\/es\/wp-json\/wp\/v2\/product\/3633","targetHints":{"allow":["GET"]}}],"collection":[{"href":"https:\/\/kla.vn\/es\/wp-json\/wp\/v2\/product"}],"about":[{"href":"https:\/\/kla.vn\/es\/wp-json\/wp\/v2\/types\/product"}],"wp:featuredmedia":[{"embeddable":true,"href":"https:\/\/kla.vn\/es\/wp-json\/wp\/v2\/media\/3635"}],"wp:attachment":[{"href":"https:\/\/kla.vn\/es\/wp-json\/wp\/v2\/media?parent=3633"}],"wp:term":[{"taxonomy":"product_brand","embeddable":true,"href":"https:\/\/kla.vn\/es\/wp-json\/wp\/v2\/product_brand?post=3633"},{"taxonomy":"product_cat","embeddable":true,"href":"https:\/\/kla.vn\/es\/wp-json\/wp\/v2\/product_cat?post=3633"},{"taxonomy":"product_tag","embeddable":true,"href":"https:\/\/kla.vn\/es\/wp-json\/wp\/v2\/product_tag?post=3633"}],"curies":[{"name":"gracias","href":"https:\/\/api.w.org\/{rel}","templated":true}]}}