{"id":3637,"date":"2024-02-08T22:03:49","date_gmt":"2024-02-08T15:03:49","guid":{"rendered":"https:\/\/kla.vn\/?post_type=product&#038;p=3637"},"modified":"2025-02-13T08:35:21","modified_gmt":"2025-02-13T01:35:21","slug":"alocasia-macrorrhiza-raya-2","status":"publish","type":"product","link":"https:\/\/kla.vn\/es\/planta\/alocasia-macrorrhiza-raya-2\/","title":{"rendered":"Alocasia mutante &#039;Ablo var&#039; (Alocasia macrorrhiza variegata)"},"content":{"rendered":"<h3 style=\"text-align: center;\">C\u00f3mo cultivar y cuidar la Alocasia<\/h3>\n<h4 style=\"text-align: center;\"><strong>Dificultad para cultivar taro, alocasia<\/strong><\/h4>\n<p><img loading=\"lazy\" decoding=\"async\" class=\"wp-image-6530 size-full aligncenter\" src=\"https:\/\/kla.vn\/wp-content\/uploads\/2025\/02\/icon-do-kho-hoi-kho.jpg\" alt=\"planta de alocasia\" width=\"800\" height=\"321\" srcset=\"https:\/\/kla.vn\/wp-content\/uploads\/2025\/02\/icon-do-kho-hoi-kho.jpg 800w, https:\/\/kla.vn\/wp-content\/uploads\/2025\/02\/icon-do-kho-hoi-kho-300x120.jpg 300w, https:\/\/kla.vn\/wp-content\/uploads\/2025\/02\/icon-do-kho-hoi-kho-768x308.jpg 768w, https:\/\/kla.vn\/wp-content\/uploads\/2025\/02\/icon-do-kho-hoi-kho-150x60.jpg 150w, https:\/\/kla.vn\/wp-content\/uploads\/2025\/02\/icon-do-kho-hoi-kho-696x279.jpg 696w, https:\/\/kla.vn\/wp-content\/uploads\/2025\/02\/icon-do-kho-hoi-kho-600x241.jpg 600w\" sizes=\"auto, (max-width: 800px) 100vw, 800px\" \/><\/p>\n<p style=\"text-align: center;\"><strong>Dificultad: 4\/6<\/strong><\/p>\n<p>Las plantas de Alocasia son adecuadas para personas que tienen experiencia en el cultivo de plantas de interior o saben c\u00f3mo cuidar este tipo de planta. Si reci\u00e9n est\u00e1s empezando, quiz\u00e1s quieras probar variedades m\u00e1s f\u00e1ciles como Alocasia Polly o Alocasia Amazonica.<\/p>\n<h4 style=\"text-align: center;\"><strong>Tierra para plantar <\/strong><strong>alocasia<\/strong><\/h4>\n<p><img loading=\"lazy\" decoding=\"async\" class=\"wp-image-6532 size-full aligncenter\" src=\"https:\/\/kla.vn\/wp-content\/uploads\/2025\/02\/gia-the-mon-ray-alocasia.jpg\" alt=\"\" width=\"800\" height=\"600\" srcset=\"https:\/\/kla.vn\/wp-content\/uploads\/2025\/02\/gia-the-mon-ray-alocasia.jpg 800w, https:\/\/kla.vn\/wp-content\/uploads\/2025\/02\/gia-the-mon-ray-alocasia-300x225.jpg 300w, https:\/\/kla.vn\/wp-content\/uploads\/2025\/02\/gia-the-mon-ray-alocasia-768x576.jpg 768w, https:\/\/kla.vn\/wp-content\/uploads\/2025\/02\/gia-the-mon-ray-alocasia-150x113.jpg 150w, https:\/\/kla.vn\/wp-content\/uploads\/2025\/02\/gia-the-mon-ray-alocasia-696x522.jpg 696w, https:\/\/kla.vn\/wp-content\/uploads\/2025\/02\/gia-the-mon-ray-alocasia-600x450.jpg 600w\" sizes=\"auto, (max-width: 800px) 100vw, 800px\" \/><\/p>\n<p>La alocasia necesita un medio de cultivo que sea capaz de <strong data-start=\"33\" data-end=\"51\">buen drenaje<\/strong>, <strong data-start=\"53\" data-end=\"72\">humedad moderada<\/strong>, y <strong data-start=\"77\" data-end=\"91\">aireado<\/strong> para evitar la pudrici\u00f3n de la ra\u00edz.<\/p>\n<h4 style=\"text-align: center;\"><strong>Iluminaci\u00f3n adecuada para <\/strong><strong>alocasia<\/strong><\/h4>\n<p><img loading=\"lazy\" decoding=\"async\" class=\"wp-image-2841 aligncenter\" src=\"http:\/\/kla.vn\/wp-content\/uploads\/2024\/01\/icon-01.png\" alt=\"\" width=\"161\" height=\"30\" srcset=\"https:\/\/kla.vn\/wp-content\/uploads\/2024\/01\/icon-01.png 803w, https:\/\/kla.vn\/wp-content\/uploads\/2024\/01\/icon-01-18x3.png 18w, https:\/\/kla.vn\/wp-content\/uploads\/2024\/01\/icon-01-300x56.png 300w, https:\/\/kla.vn\/wp-content\/uploads\/2024\/01\/icon-01-768x143.png 768w, https:\/\/kla.vn\/wp-content\/uploads\/2024\/01\/icon-01-150x28.png 150w, https:\/\/kla.vn\/wp-content\/uploads\/2024\/01\/icon-01-696x130.png 696w, https:\/\/kla.vn\/wp-content\/uploads\/2024\/01\/icon-01-600x112.png 600w\" sizes=\"auto, (max-width: 161px) 100vw, 161px\" \/><\/p>\n<p>A la alocasia no le gusta la poca luz pero tampoco tolera la luz solar intensa. Lo mejor es colocar la planta cerca de una ventana con luz indirecta o utilizar una luz de cultivo si la casa est\u00e1 mal iluminada.<\/p>\n<h4 style=\"text-align: center;\"><strong>Temperatura <\/strong><strong>adecuado para <\/strong><strong>alocasia<\/strong><\/h4>\n<p><img loading=\"lazy\" decoding=\"async\" class=\"wp-image-540 aligncenter\" src=\"http:\/\/kla.vn\/wp-content\/uploads\/2022\/03\/icon-02-300x56.png\" alt=\"\" width=\"162\" height=\"30\" srcset=\"https:\/\/kla.vn\/wp-content\/uploads\/2022\/03\/icon-02-300x56.png 300w, https:\/\/kla.vn\/wp-content\/uploads\/2022\/03\/icon-02-600x111.png 600w, https:\/\/kla.vn\/wp-content\/uploads\/2022\/03\/icon-02-768x143.png 768w, https:\/\/kla.vn\/wp-content\/uploads\/2022\/03\/icon-02-150x28.png 150w, https:\/\/kla.vn\/wp-content\/uploads\/2022\/03\/icon-02-696x129.png 696w, https:\/\/kla.vn\/wp-content\/uploads\/2022\/03\/icon-02.png 808w\" sizes=\"auto, (max-width: 162px) 100vw, 162px\" \/><\/p>\n<div>Las temperaturas frescas entre 18 y 29 \u00b0C le permitir\u00e1n crecer bien.<\/div>\n<h4 style=\"text-align: center;\"><strong>Agua <\/strong><strong>dar <\/strong><strong>alocasia<\/strong><\/h4>\n<p><img loading=\"lazy\" decoding=\"async\" class=\"wp-image-553 aligncenter\" src=\"https:\/\/kla.vn\/wp-content\/uploads\/2022\/03\/icon-08-1.png\" alt=\"\" width=\"161\" height=\"30\" srcset=\"https:\/\/kla.vn\/wp-content\/uploads\/2022\/03\/icon-08-1.png 805w, https:\/\/kla.vn\/wp-content\/uploads\/2022\/03\/icon-08-1-600x112.png 600w, https:\/\/kla.vn\/wp-content\/uploads\/2022\/03\/icon-08-1-300x56.png 300w, https:\/\/kla.vn\/wp-content\/uploads\/2022\/03\/icon-08-1-768x143.png 768w, https:\/\/kla.vn\/wp-content\/uploads\/2022\/03\/icon-08-1-150x28.png 150w, https:\/\/kla.vn\/wp-content\/uploads\/2022\/03\/icon-08-1-696x130.png 696w\" sizes=\"auto, (max-width: 161px) 100vw, 161px\" \/><\/p>\n<p>A la alocasia le gusta la humedad alta pero no demasiada agua. \ud83c\udf3f\ud83d\udca7 Alocasia <strong data-start=\"1117\" data-end=\"1146\">No es una planta que ame el agua <\/strong>como la gente a menudo cree err\u00f3neamente, pero necesitan un ambiente h\u00famedo y un riego adecuado para crecer bien. \u00bfVes hojas amarillas o marchitas en tus plantas? \ud83d\ude0a<\/p>\n<h4 style=\"text-align: center;\"><strong>Humedad <\/strong><strong>dar <\/strong><strong>alocasia<\/strong><\/h4>\n<p><img loading=\"lazy\" decoding=\"async\" class=\"wp-image-595 aligncenter\" src=\"http:\/\/kla.vn\/wp-content\/uploads\/2022\/03\/kla.vn-do-am-icon-300x56.png\" alt=\"\" width=\"161\" height=\"30\" srcset=\"https:\/\/kla.vn\/wp-content\/uploads\/2022\/03\/kla.vn-do-am-icon-300x56.png 300w, https:\/\/kla.vn\/wp-content\/uploads\/2022\/03\/kla.vn-do-am-icon-150x28.png 150w, https:\/\/kla.vn\/wp-content\/uploads\/2022\/03\/kla.vn-do-am-icon.png 387w\" sizes=\"auto, (max-width: 161px) 100vw, 161px\" \/><\/p>\n<p>La alocasia necesita humedad de <strong data-start=\"247\" data-end=\"257\">60-80%<\/strong>, de lo contrario las hojas son propensas a tener los bordes secos o marchitarse. Si se cultiva en un ambiente con aire acondicionado o en un clima seco, utilice un pulverizador o coloque la maceta sobre una bandeja de guijarros con agua.<\/p>\n<h4 style=\"text-align: center;\"><strong>pH ideal <\/strong><strong>dar <\/strong><strong>alocasia<\/strong><\/h4>\n<p><img loading=\"lazy\" decoding=\"async\" class=\"alignnone wp-image-6533 size-full\" src=\"https:\/\/kla.vn\/wp-content\/uploads\/2025\/02\/ph-cho-cay-alocasia.jpg\" alt=\"Ph para picante\" width=\"800\" height=\"276\" srcset=\"https:\/\/kla.vn\/wp-content\/uploads\/2025\/02\/ph-cho-cay-alocasia.jpg 800w, https:\/\/kla.vn\/wp-content\/uploads\/2025\/02\/ph-cho-cay-alocasia-300x104.jpg 300w, https:\/\/kla.vn\/wp-content\/uploads\/2025\/02\/ph-cho-cay-alocasia-768x265.jpg 768w, https:\/\/kla.vn\/wp-content\/uploads\/2025\/02\/ph-cho-cay-alocasia-150x52.jpg 150w, https:\/\/kla.vn\/wp-content\/uploads\/2025\/02\/ph-cho-cay-alocasia-696x240.jpg 696w, https:\/\/kla.vn\/wp-content\/uploads\/2025\/02\/ph-cho-cay-alocasia-600x207.jpg 600w\" sizes=\"auto, (max-width: 800px) 100vw, 800px\" \/><\/p>\n<p>pH ideal para <strong data-start=\"19\" data-end=\"31\">Alocasia<\/strong> al alcance <strong data-start=\"49\" data-end=\"62\">5.5 &#8211; 6.5<\/strong>, eso es <strong data-start=\"71\" data-end=\"98\">ligeramente \u00e1cido a neutro<\/strong>.<\/p>\n<h4 style=\"text-align: center;\"><strong>Se admiten mascotas<\/strong><\/h4>\n<p><img loading=\"lazy\" decoding=\"async\" class=\"wp-image-6534 aligncenter\" src=\"https:\/\/kla.vn\/wp-content\/uploads\/2025\/02\/icon-pet-safe.jpg\" alt=\"\" width=\"563\" height=\"100\" srcset=\"https:\/\/kla.vn\/wp-content\/uploads\/2025\/02\/icon-pet-safe.jpg 800w, https:\/\/kla.vn\/wp-content\/uploads\/2025\/02\/icon-pet-safe-300x53.jpg 300w, https:\/\/kla.vn\/wp-content\/uploads\/2025\/02\/icon-pet-safe-768x136.jpg 768w, https:\/\/kla.vn\/wp-content\/uploads\/2025\/02\/icon-pet-safe-150x27.jpg 150w, https:\/\/kla.vn\/wp-content\/uploads\/2025\/02\/icon-pet-safe-696x124.jpg 696w, https:\/\/kla.vn\/wp-content\/uploads\/2025\/02\/icon-pet-safe-600x107.jpg 600w\" sizes=\"auto, (max-width: 563px) 100vw, 563px\" \/><\/p>\n<p>Si tienes un perro\/gato al que le gusta masticar plantas, evita plantar Alocasia o ten especial cuidado para proteger la planta. \ud83d\udea7\ud83d\udc15\ud83d\udc08<\/p>\n<p>&nbsp;<\/p>","protected":false},"excerpt":{"rendered":"<p>La planta abigarrada Alocasia macrorrhiza es una adici\u00f3n interesante a cualquier jard\u00edn. Mientras el ambiente sea bueno, esta planta prosperar\u00e1 todo el a\u00f1o.<\/p>","protected":false},"featured_media":3638,"template":"","meta":[],"product_brand":[],"product_cat":[44],"product_tag":[],"class_list":{"0":"post-3637","1":"product","2":"type-product","3":"status-publish","4":"has-post-thumbnail","6":"product_cat-alocasia","8":"first","9":"instock","10":"featured","11":"shipping-taxable","12":"product-type-simple"},"_links":{"self":[{"href":"https:\/\/kla.vn\/es\/wp-json\/wp\/v2\/product\/3637","targetHints":{"allow":["GET"]}}],"collection":[{"href":"https:\/\/kla.vn\/es\/wp-json\/wp\/v2\/product"}],"about":[{"href":"https:\/\/kla.vn\/es\/wp-json\/wp\/v2\/types\/product"}],"wp:featuredmedia":[{"embeddable":true,"href":"https:\/\/kla.vn\/es\/wp-json\/wp\/v2\/media\/3638"}],"wp:attachment":[{"href":"https:\/\/kla.vn\/es\/wp-json\/wp\/v2\/media?parent=3637"}],"wp:term":[{"taxonomy":"product_brand","embeddable":true,"href":"https:\/\/kla.vn\/es\/wp-json\/wp\/v2\/product_brand?post=3637"},{"taxonomy":"product_cat","embeddable":true,"href":"https:\/\/kla.vn\/es\/wp-json\/wp\/v2\/product_cat?post=3637"},{"taxonomy":"product_tag","embeddable":true,"href":"https:\/\/kla.vn\/es\/wp-json\/wp\/v2\/product_tag?post=3637"}],"curies":[{"name":"gracias","href":"https:\/\/api.w.org\/{rel}","templated":true}]}}