{"id":4567,"date":"2024-10-13T17:06:37","date_gmt":"2024-10-13T10:06:37","guid":{"rendered":"https:\/\/kla.vn\/?post_type=product&#038;p=4567"},"modified":"2024-10-13T17:36:51","modified_gmt":"2024-10-13T10:36:51","slug":"mammillaria-elongata","status":"publish","type":"product","link":"https:\/\/kla.vn\/es\/planta\/mammillaria-elongata\/","title":{"rendered":"Mammillaria Elongata"},"content":{"rendered":"<h4>C\u00f3mo cultivar y cuidar el cactus Mammillaria Elongata<\/h4>\n<h4><strong>Luz<\/strong><\/h4>\n<p><img loading=\"lazy\" decoding=\"async\" class=\"alignnone wp-image-1658\" src=\"http:\/\/kla.vn\/wp-content\/uploads\/2022\/05\/icon-11-300x56.png\" alt=\"\" width=\"161\" height=\"30\" srcset=\"https:\/\/kla.vn\/wp-content\/uploads\/2022\/05\/icon-11-300x56.png 300w, https:\/\/kla.vn\/wp-content\/uploads\/2022\/05\/icon-11-600x112.png 600w, https:\/\/kla.vn\/wp-content\/uploads\/2022\/05\/icon-11-768x143.png 768w, https:\/\/kla.vn\/wp-content\/uploads\/2022\/05\/icon-11-150x28.png 150w, https:\/\/kla.vn\/wp-content\/uploads\/2022\/05\/icon-11-696x130.png 696w, https:\/\/kla.vn\/wp-content\/uploads\/2022\/05\/icon-11.png 803w\" sizes=\"auto, (max-width: 161px) 100vw, 161px\" \/><\/p>\n<p>Requiere mucha luz solar para crecer bien, sin embargo, la planta a\u00fan puede crecer en un entorno con suficiente luz indirecta.<\/p>\n<h4><strong>Temperatura<\/strong><\/h4>\n<p><img loading=\"lazy\" decoding=\"async\" class=\"alignnone wp-image-4377\" src=\"http:\/\/kla.vn\/wp-content\/uploads\/2024\/09\/cham-soc-cay-nhiet-do-300x56.png\" alt=\"\" width=\"161\" height=\"30\" srcset=\"https:\/\/kla.vn\/wp-content\/uploads\/2024\/09\/cham-soc-cay-nhiet-do-300x56.png 300w, https:\/\/kla.vn\/wp-content\/uploads\/2024\/09\/cham-soc-cay-nhiet-do-18x3.png 18w, https:\/\/kla.vn\/wp-content\/uploads\/2024\/09\/cham-soc-cay-nhiet-do-150x28.png 150w, https:\/\/kla.vn\/wp-content\/uploads\/2024\/09\/cham-soc-cay-nhiet-do.png 387w\" sizes=\"auto, (max-width: 161px) 100vw, 161px\" \/><\/p>\n<div>Los cactus pueden soportar ambientes de alta temperatura, en el rango de 22-29\u00b0C crecer\u00e1n bien.<\/div>\n<h4><strong>Agua\u00a0<\/strong><\/h4>\n<p><img loading=\"lazy\" decoding=\"async\" class=\"alignnone wp-image-4376\" src=\"http:\/\/kla.vn\/wp-content\/uploads\/2024\/09\/icon-07-300x56.png\" alt=\"\" width=\"160\" height=\"30\" srcset=\"https:\/\/kla.vn\/wp-content\/uploads\/2024\/09\/icon-07-300x56.png 300w, https:\/\/kla.vn\/wp-content\/uploads\/2024\/09\/icon-07-18x3.png 18w, https:\/\/kla.vn\/wp-content\/uploads\/2024\/09\/icon-07-768x144.png 768w, https:\/\/kla.vn\/wp-content\/uploads\/2024\/09\/icon-07-150x28.png 150w, https:\/\/kla.vn\/wp-content\/uploads\/2024\/09\/icon-07-696x131.png 696w, https:\/\/kla.vn\/wp-content\/uploads\/2024\/09\/icon-07-600x113.png 600w, https:\/\/kla.vn\/wp-content\/uploads\/2024\/09\/icon-07.png 805w\" sizes=\"auto, (max-width: 160px) 100vw, 160px\" \/><\/p>\n<p>Riego moderado, el cactus es una planta tolerante a la sequ\u00eda y no requiere demasiada agua.<\/p>\n<h4><strong>Humedad<\/strong><\/h4>\n<p><img loading=\"lazy\" decoding=\"async\" class=\"alignnone wp-image-4378\" src=\"http:\/\/kla.vn\/wp-content\/uploads\/2024\/09\/kla.vn-do-am-icon-2-300x56.png\" alt=\"\" width=\"161\" height=\"30\" srcset=\"https:\/\/kla.vn\/wp-content\/uploads\/2024\/09\/kla.vn-do-am-icon-2-300x56.png 300w, https:\/\/kla.vn\/wp-content\/uploads\/2024\/09\/kla.vn-do-am-icon-2-18x3.png 18w, https:\/\/kla.vn\/wp-content\/uploads\/2024\/09\/kla.vn-do-am-icon-2-150x28.png 150w, https:\/\/kla.vn\/wp-content\/uploads\/2024\/09\/kla.vn-do-am-icon-2.png 387w\" sizes=\"auto, (max-width: 161px) 100vw, 161px\" \/><\/p>\n<p>La mejor humedad para las plantas es superior a 50%.<\/p>\n<h4><strong>pH<\/strong><\/h4>\n<p><img loading=\"lazy\" decoding=\"async\" class=\"alignnone wp-image-596\" src=\"http:\/\/kla.vn\/wp-content\/uploads\/2022\/03\/kla.vn-icon-pH-300x56.png\" alt=\"\" width=\"161\" height=\"30\" srcset=\"https:\/\/kla.vn\/wp-content\/uploads\/2022\/03\/kla.vn-icon-pH-300x56.png 300w, https:\/\/kla.vn\/wp-content\/uploads\/2022\/03\/kla.vn-icon-pH-150x28.png 150w, https:\/\/kla.vn\/wp-content\/uploads\/2022\/03\/kla.vn-icon-pH.png 387w\" sizes=\"auto, (max-width: 161px) 100vw, 161px\" \/><\/p>\n<p>El rango de pH ideal es de 5,0 \u2013 7,0 pH.<\/p>\n<p>&nbsp;<\/p>","protected":false},"excerpt":{"rendered":"<p data-sourcepos=\"3:1-3:175\">Los tallos de Mammillaria elongata suelen estar agrupados, ser cil\u00edndricos o esf\u00e9ricos. Las papilas del tallo est\u00e1n muy juntas, creando una superficie lisa.<\/p>","protected":false},"featured_media":4585,"template":"","meta":[],"product_brand":[],"product_cat":[266],"product_tag":[],"class_list":{"0":"post-4567","1":"product","2":"type-product","3":"status-publish","4":"has-post-thumbnail","6":"product_cat-cactus","8":"first","9":"instock","10":"featured","11":"shipping-taxable","12":"product-type-simple"},"_links":{"self":[{"href":"https:\/\/kla.vn\/es\/wp-json\/wp\/v2\/product\/4567","targetHints":{"allow":["GET"]}}],"collection":[{"href":"https:\/\/kla.vn\/es\/wp-json\/wp\/v2\/product"}],"about":[{"href":"https:\/\/kla.vn\/es\/wp-json\/wp\/v2\/types\/product"}],"wp:featuredmedia":[{"embeddable":true,"href":"https:\/\/kla.vn\/es\/wp-json\/wp\/v2\/media\/4585"}],"wp:attachment":[{"href":"https:\/\/kla.vn\/es\/wp-json\/wp\/v2\/media?parent=4567"}],"wp:term":[{"taxonomy":"product_brand","embeddable":true,"href":"https:\/\/kla.vn\/es\/wp-json\/wp\/v2\/product_brand?post=4567"},{"taxonomy":"product_cat","embeddable":true,"href":"https:\/\/kla.vn\/es\/wp-json\/wp\/v2\/product_cat?post=4567"},{"taxonomy":"product_tag","embeddable":true,"href":"https:\/\/kla.vn\/es\/wp-json\/wp\/v2\/product_tag?post=4567"}],"curies":[{"name":"gracias","href":"https:\/\/api.w.org\/{rel}","templated":true}]}}