{"id":570,"date":"2022-03-13T10:00:16","date_gmt":"2022-03-13T03:00:16","guid":{"rendered":"http:\/\/kla.vn\/?post_type=product&#038;p=570"},"modified":"2025-05-26T06:28:59","modified_gmt":"2025-05-25T23:28:59","slug":"birkin","status":"publish","type":"product","link":"https:\/\/kla.vn\/es\/planta\/birkin\/","title":{"rendered":"Filodendro Birkin (Diamond Pothos)"},"content":{"rendered":"<h4><strong>Luz<\/strong><\/h4>\n<p><img loading=\"lazy\" decoding=\"async\" class=\"alignnone wp-image-552\" src=\"http:\/\/kla.vn\/wp-content\/uploads\/2022\/03\/icon-04-300x56.png\" alt=\"\" width=\"214\" height=\"40\" srcset=\"https:\/\/kla.vn\/wp-content\/uploads\/2022\/03\/icon-04-300x56.png 300w, https:\/\/kla.vn\/wp-content\/uploads\/2022\/03\/icon-04-600x112.png 600w, https:\/\/kla.vn\/wp-content\/uploads\/2022\/03\/icon-04-768x143.png 768w, https:\/\/kla.vn\/wp-content\/uploads\/2022\/03\/icon-04-150x28.png 150w, https:\/\/kla.vn\/wp-content\/uploads\/2022\/03\/icon-04-696x130.png 696w, https:\/\/kla.vn\/wp-content\/uploads\/2022\/03\/icon-04.png 803w\" sizes=\"auto, (max-width: 214px) 100vw, 214px\" \/><\/p>\n<p>Luz interior, difusa, evitar luz directa.<\/p>\n<h4><strong>Temperatura<\/strong><\/h4>\n<p><img loading=\"lazy\" decoding=\"async\" class=\"alignnone wp-image-540\" src=\"http:\/\/kla.vn\/wp-content\/uploads\/2022\/03\/icon-02-300x56.png\" alt=\"\" width=\"215\" height=\"40\" srcset=\"https:\/\/kla.vn\/wp-content\/uploads\/2022\/03\/icon-02-300x56.png 300w, https:\/\/kla.vn\/wp-content\/uploads\/2022\/03\/icon-02-600x111.png 600w, https:\/\/kla.vn\/wp-content\/uploads\/2022\/03\/icon-02-768x143.png 768w, https:\/\/kla.vn\/wp-content\/uploads\/2022\/03\/icon-02-150x28.png 150w, https:\/\/kla.vn\/wp-content\/uploads\/2022\/03\/icon-02-696x129.png 696w, https:\/\/kla.vn\/wp-content\/uploads\/2022\/03\/icon-02.png 808w\" sizes=\"auto, (max-width: 215px) 100vw, 215px\" \/><\/p>\n<div>Temperatura fresca por debajo de 29\u00b0C <span data-sheets-value=\"{&quot;1&quot;:2,&quot;2&quot;:&quot;Birkin&quot;}\" data-sheets-userformat=\"{&quot;2&quot;:513,&quot;3&quot;:{&quot;1&quot;:0},&quot;12&quot;:0}\">Birkin <\/span>crecer\u00e1 bien.<\/div>\n<h4><strong>Agua\u00a0<\/strong><\/h4>\n<p><img loading=\"lazy\" decoding=\"async\" class=\"alignnone wp-image-553\" src=\"http:\/\/kla.vn\/wp-content\/uploads\/2022\/03\/icon-08-1-300x56.png\" alt=\"\" width=\"215\" height=\"40\" srcset=\"https:\/\/kla.vn\/wp-content\/uploads\/2022\/03\/icon-08-1-300x56.png 300w, https:\/\/kla.vn\/wp-content\/uploads\/2022\/03\/icon-08-1-600x112.png 600w, https:\/\/kla.vn\/wp-content\/uploads\/2022\/03\/icon-08-1-768x143.png 768w, https:\/\/kla.vn\/wp-content\/uploads\/2022\/03\/icon-08-1-150x28.png 150w, https:\/\/kla.vn\/wp-content\/uploads\/2022\/03\/icon-08-1-696x130.png 696w, https:\/\/kla.vn\/wp-content\/uploads\/2022\/03\/icon-08-1.png 805w\" sizes=\"auto, (max-width: 215px) 100vw, 215px\" \/><\/p>\n<p>Regar moderadamente. Limitar el estancamiento del agua provocar\u00e1 anegamiento.<\/p>\n<h4><strong>Humedad<\/strong><\/h4>\n<p><img loading=\"lazy\" decoding=\"async\" class=\"alignnone wp-image-542\" src=\"http:\/\/kla.vn\/wp-content\/uploads\/2022\/03\/icon-12-300x56.png\" alt=\"\" width=\"215\" height=\"40\" srcset=\"https:\/\/kla.vn\/wp-content\/uploads\/2022\/03\/icon-12-300x56.png 300w, https:\/\/kla.vn\/wp-content\/uploads\/2022\/03\/icon-12-600x111.png 600w, https:\/\/kla.vn\/wp-content\/uploads\/2022\/03\/icon-12-768x143.png 768w, https:\/\/kla.vn\/wp-content\/uploads\/2022\/03\/icon-12-150x28.png 150w, https:\/\/kla.vn\/wp-content\/uploads\/2022\/03\/icon-12-696x129.png 696w, https:\/\/kla.vn\/wp-content\/uploads\/2022\/03\/icon-12.png 808w\" sizes=\"auto, (max-width: 215px) 100vw, 215px\" \/><\/p>\n<p>La mejor humedad para las plantas <span data-sheets-value=\"{&quot;1&quot;:2,&quot;2&quot;:&quot;Birkin&quot;}\" data-sheets-userformat=\"{&quot;2&quot;:513,&quot;3&quot;:{&quot;1&quot;:0},&quot;12&quot;:0}\">Birkin <\/span>est\u00e1 en 65%.<\/p>\n<p>&nbsp;<\/p>\n<p>&nbsp;<\/p>","protected":false},"excerpt":{"rendered":"<p>Luz: Luz interior difusa, evitando la luz directa. Temperatura: Temperaturas frescas por debajo de 29 \u00b0C. El Birkin crecer\u00e1 bien. Riego: Riegue con moderaci\u00f3n. Limite el estancamiento de agua, ya que puede causar encharcamiento de las ra\u00edces. Humedad: La humedad \u00f3ptima para las plantas Birkin es superior a 65 \u00b0C. &nbsp; &nbsp;<\/p>","protected":false},"featured_media":573,"template":"","meta":[],"product_brand":[],"product_cat":[49],"product_tag":[],"class_list":{"0":"post-570","1":"product","2":"type-product","3":"status-publish","4":"has-post-thumbnail","6":"product_cat-philodendron","8":"first","9":"instock","10":"featured","11":"shipping-taxable","12":"product-type-simple"},"_links":{"self":[{"href":"https:\/\/kla.vn\/es\/wp-json\/wp\/v2\/product\/570","targetHints":{"allow":["GET"]}}],"collection":[{"href":"https:\/\/kla.vn\/es\/wp-json\/wp\/v2\/product"}],"about":[{"href":"https:\/\/kla.vn\/es\/wp-json\/wp\/v2\/types\/product"}],"wp:featuredmedia":[{"embeddable":true,"href":"https:\/\/kla.vn\/es\/wp-json\/wp\/v2\/media\/573"}],"wp:attachment":[{"href":"https:\/\/kla.vn\/es\/wp-json\/wp\/v2\/media?parent=570"}],"wp:term":[{"taxonomy":"product_brand","embeddable":true,"href":"https:\/\/kla.vn\/es\/wp-json\/wp\/v2\/product_brand?post=570"},{"taxonomy":"product_cat","embeddable":true,"href":"https:\/\/kla.vn\/es\/wp-json\/wp\/v2\/product_cat?post=570"},{"taxonomy":"product_tag","embeddable":true,"href":"https:\/\/kla.vn\/es\/wp-json\/wp\/v2\/product_tag?post=570"}],"curies":[{"name":"gracias","href":"https:\/\/api.w.org\/{rel}","templated":true}]}}