{"id":6221,"date":"2025-01-27T12:32:05","date_gmt":"2025-01-27T05:32:05","guid":{"rendered":"https:\/\/kla.vn\/?post_type=product&#038;p=6221"},"modified":"2025-01-27T22:47:15","modified_gmt":"2025-01-27T15:47:15","slug":"bismarckia-nobilis","status":"publish","type":"product","link":"https:\/\/kla.vn\/es\/planta\/bismarckia-nobilis\/","title":{"rendered":"Helecho plateado (Bismarckia nobilis)"},"content":{"rendered":"<h3 style=\"text-align: center;\">C\u00f3mo plantar y cuidar la Bismarckia nobilis<\/h3>\n<h4 style=\"text-align: center;\"><strong>Dificultad para cultivar palmeras<\/strong><\/h4>\n<p><img loading=\"lazy\" decoding=\"async\" class=\"wp-image-5965 size-full aligncenter\" src=\"https:\/\/kla.vn\/wp-content\/uploads\/2025\/01\/do-kho-trong-cay-co-palm.jpg\" alt=\"cuidado de las palmeras\" width=\"800\" height=\"282\" srcset=\"https:\/\/kla.vn\/wp-content\/uploads\/2025\/01\/do-kho-trong-cay-co-palm.jpg 800w, https:\/\/kla.vn\/wp-content\/uploads\/2025\/01\/do-kho-trong-cay-co-palm-300x106.jpg 300w, https:\/\/kla.vn\/wp-content\/uploads\/2025\/01\/do-kho-trong-cay-co-palm-768x271.jpg 768w, https:\/\/kla.vn\/wp-content\/uploads\/2025\/01\/do-kho-trong-cay-co-palm-150x53.jpg 150w, https:\/\/kla.vn\/wp-content\/uploads\/2025\/01\/do-kho-trong-cay-co-palm-696x245.jpg 696w, https:\/\/kla.vn\/wp-content\/uploads\/2025\/01\/do-kho-trong-cay-co-palm-600x212.jpg 600w\" sizes=\"auto, (max-width: 800px) 100vw, 800px\" \/><\/p>\n<p style=\"text-align: center;\"><strong>Dificultad: 2-3\/6<\/strong><\/p>\n<p>Las palmeras no requieren demasiados cuidados por parte del cultivador. Las palmeras requieren s\u00f3lo cuidados moderados, riego adecuado y sus requerimientos nutricionales son bastante simples.<\/p>\n<p><!--more--><\/p>\n<h4 style=\"text-align: center;\"><strong>Suelo adecuado para <\/strong><strong style=\"color: var(--td_text_color, #111111); font-family: var(--td_default_google_font_2, 'Roboto', sans-serif);\">palma, areca<\/strong><\/h4>\n<p><img loading=\"lazy\" decoding=\"async\" class=\"wp-image-5966 size-full aligncenter\" src=\"https:\/\/kla.vn\/wp-content\/uploads\/2025\/01\/gia-the-trong-co-palm.jpg\" alt=\"\" width=\"800\" height=\"600\" srcset=\"https:\/\/kla.vn\/wp-content\/uploads\/2025\/01\/gia-the-trong-co-palm.jpg 800w, https:\/\/kla.vn\/wp-content\/uploads\/2025\/01\/gia-the-trong-co-palm-300x225.jpg 300w, https:\/\/kla.vn\/wp-content\/uploads\/2025\/01\/gia-the-trong-co-palm-768x576.jpg 768w, https:\/\/kla.vn\/wp-content\/uploads\/2025\/01\/gia-the-trong-co-palm-150x113.jpg 150w, https:\/\/kla.vn\/wp-content\/uploads\/2025\/01\/gia-the-trong-co-palm-696x522.jpg 696w, https:\/\/kla.vn\/wp-content\/uploads\/2025\/01\/gia-the-trong-co-palm-600x450.jpg 600w\" sizes=\"auto, (max-width: 800px) 100vw, 800px\" \/><\/p>\n<p>Las palmeras prefieren humus o tierra, un sustrato rico en materia org\u00e1nica y con relativamente buen drenaje. La mayor\u00eda de las mezclas para macetas, ya sea compost o turba, con un poco de arena gruesa agregada, funcionar\u00e1n. En general, basta con tierra compacta que retenga un poco de agua.<\/p>\n<h4 style=\"text-align: center;\"><strong>Luz adecuada para la plantaci\u00f3n. <\/strong><strong style=\"color: var(--td_text_color, #111111); font-family: var(--td_default_google_font_2, 'Roboto', sans-serif);\">palma, areca<\/strong><\/h4>\n<p><img loading=\"lazy\" decoding=\"async\" class=\"wp-image-1658 aligncenter\" src=\"https:\/\/kla.vn\/wp-content\/uploads\/2022\/05\/icon-11.png\" alt=\"\" width=\"161\" height=\"30\" srcset=\"https:\/\/kla.vn\/wp-content\/uploads\/2022\/05\/icon-11.png 803w, https:\/\/kla.vn\/wp-content\/uploads\/2022\/05\/icon-11-600x112.png 600w, https:\/\/kla.vn\/wp-content\/uploads\/2022\/05\/icon-11-300x56.png 300w, https:\/\/kla.vn\/wp-content\/uploads\/2022\/05\/icon-11-768x143.png 768w, https:\/\/kla.vn\/wp-content\/uploads\/2022\/05\/icon-11-150x28.png 150w, https:\/\/kla.vn\/wp-content\/uploads\/2022\/05\/icon-11-696x130.png 696w\" sizes=\"auto, (max-width: 161px) 100vw, 161px\" \/><\/p>\n<p style=\"text-align: center;\">Las palmeras son plantas que aman la luz, por lo que debes plantarlas en lugares con luz directa o, idealmente, luz indirecta fuerte.<\/p>\n<h4 style=\"text-align: center;\"><strong>Temperatura de siembra <\/strong><strong style=\"color: var(--td_text_color, #111111); font-family: var(--td_default_google_font_2, 'Roboto', sans-serif);\">palma, areca<\/strong><\/h4>\n<p><img loading=\"lazy\" decoding=\"async\" class=\"wp-image-2274 aligncenter\" src=\"https:\/\/kla.vn\/wp-content\/uploads\/2023\/06\/kla.vn-nhiet-do-icon-1.png\" alt=\"\" width=\"161\" height=\"30\" srcset=\"https:\/\/kla.vn\/wp-content\/uploads\/2023\/06\/kla.vn-nhiet-do-icon-1.png 387w, https:\/\/kla.vn\/wp-content\/uploads\/2023\/06\/kla.vn-nhiet-do-icon-1-18x3.png 18w, https:\/\/kla.vn\/wp-content\/uploads\/2023\/06\/kla.vn-nhiet-do-icon-1-300x56.png 300w, https:\/\/kla.vn\/wp-content\/uploads\/2023\/06\/kla.vn-nhiet-do-icon-1-150x28.png 150w\" sizes=\"auto, (max-width: 161px) 100vw, 161px\" \/><\/p>\n<div>Las palmeras crecen mejor en temperaturas suaves. No les gustan las temperaturas demasiado altas, superiores a 30\u00b0C (86\u00b0F).<\/div>\n<h4 style=\"text-align: center;\"><strong>Riego <\/strong><strong style=\"color: var(--td_text_color, #111111); font-family: var(--td_default_google_font_2, 'Roboto', sans-serif);\">palma, areca<\/strong><\/h4>\n<p><img loading=\"lazy\" decoding=\"async\" class=\"wp-image-541 aligncenter\" src=\"https:\/\/kla.vn\/wp-content\/uploads\/2022\/03\/icon-08.png\" alt=\"\" width=\"161\" height=\"30\" srcset=\"https:\/\/kla.vn\/wp-content\/uploads\/2022\/03\/icon-08.png 805w, https:\/\/kla.vn\/wp-content\/uploads\/2022\/03\/icon-08-600x112.png 600w, https:\/\/kla.vn\/wp-content\/uploads\/2022\/03\/icon-08-300x56.png 300w, https:\/\/kla.vn\/wp-content\/uploads\/2022\/03\/icon-08-768x143.png 768w, https:\/\/kla.vn\/wp-content\/uploads\/2022\/03\/icon-08-150x28.png 150w, https:\/\/kla.vn\/wp-content\/uploads\/2022\/03\/icon-08-696x130.png 696w\" sizes=\"auto, (max-width: 161px) 100vw, 161px\" \/><\/p>\n<p>Las palmeras y las palmeras areca no necesitan mucha agua. Si se planta en el interior, no riegue demasiado, basta con regar 3 veces por semana y la planta podr\u00e1 crecer bien.<\/p>\n<h4 style=\"text-align: center;\"><strong>Humedad adecuada para <\/strong><strong style=\"color: var(--td_text_color, #111111); font-family: var(--td_default_google_font_2, 'Roboto', sans-serif);\">palma, areca<\/strong><\/h4>\n<p><img loading=\"lazy\" decoding=\"async\" class=\"aligncenter wp-image-4378\" src=\"https:\/\/kla.vn\/wp-content\/uploads\/2024\/09\/kla.vn-do-am-icon-2.png\" alt=\"\" width=\"215\" height=\"40\" srcset=\"https:\/\/kla.vn\/wp-content\/uploads\/2024\/09\/kla.vn-do-am-icon-2.png 387w, https:\/\/kla.vn\/wp-content\/uploads\/2024\/09\/kla.vn-do-am-icon-2-18x3.png 18w, https:\/\/kla.vn\/wp-content\/uploads\/2024\/09\/kla.vn-do-am-icon-2-300x56.png 300w, https:\/\/kla.vn\/wp-content\/uploads\/2024\/09\/kla.vn-do-am-icon-2-150x28.png 150w\" sizes=\"auto, (max-width: 215px) 100vw, 215px\" \/><\/p>\n<p>La humedad ideal para las palmeras suele estar entre 50% y 60%, ya que este es el nivel de humedad que simula el ambiente tropical natural donde mejor crecen.<\/p>\n<h4 style=\"text-align: center;\"><strong>pH para plantas <\/strong><strong style=\"color: var(--td_text_color, #111111); font-family: var(--td_default_google_font_2, 'Roboto', sans-serif);\">palma, areca<\/strong><\/h4>\n<p><img loading=\"lazy\" decoding=\"async\" class=\"wp-image-5967 size-full aligncenter\" src=\"https:\/\/kla.vn\/wp-content\/uploads\/2025\/01\/pH-cho-cay-palm.jpg\" alt=\"pH ideal para palmeras\" width=\"580\" height=\"200\" srcset=\"https:\/\/kla.vn\/wp-content\/uploads\/2025\/01\/pH-cho-cay-palm.jpg 580w, https:\/\/kla.vn\/wp-content\/uploads\/2025\/01\/pH-cho-cay-palm-300x103.jpg 300w, https:\/\/kla.vn\/wp-content\/uploads\/2025\/01\/pH-cho-cay-palm-150x52.jpg 150w\" sizes=\"auto, (max-width: 580px) 100vw, 580px\" \/><\/p>\n<p>El rango de pH ideal es de 6,0 \u2013 7,0 pH. Un pH del suelo ligeramente \u00e1cido o neutro es ideal.<\/p>\n<h4 style=\"text-align: center;\"><strong>Se admiten mascotas<\/strong><\/h4>\n<p><img loading=\"lazy\" decoding=\"async\" class=\"wp-image-5595 size-full aligncenter\" src=\"https:\/\/kla.vn\/wp-content\/uploads\/2025\/01\/icon-pet-safe-calathea.jpg\" alt=\"Calathea Amabilidad con las mascotas\" width=\"800\" height=\"142\" srcset=\"https:\/\/kla.vn\/wp-content\/uploads\/2025\/01\/icon-pet-safe-calathea.jpg 800w, https:\/\/kla.vn\/wp-content\/uploads\/2025\/01\/icon-pet-safe-calathea-300x53.jpg 300w, https:\/\/kla.vn\/wp-content\/uploads\/2025\/01\/icon-pet-safe-calathea-768x136.jpg 768w, https:\/\/kla.vn\/wp-content\/uploads\/2025\/01\/icon-pet-safe-calathea-150x27.jpg 150w, https:\/\/kla.vn\/wp-content\/uploads\/2025\/01\/icon-pet-safe-calathea-696x124.jpg 696w, https:\/\/kla.vn\/wp-content\/uploads\/2025\/01\/icon-pet-safe-calathea-600x107.jpg 600w\" sizes=\"auto, (max-width: 800px) 100vw, 800px\" \/><\/p>\n<p>La mayor\u00eda de las palmeras m\u00e1s populares admiten mascotas. Sin embargo, evite que las mascotas coman hojas.<\/p>\n<p>&nbsp;<\/p>","protected":false},"excerpt":{"rendered":"<p><strong>Helecho plateado (Bismarckia nobilis)<\/strong> Posee hojas grandes y distintivas de color verde plateado, forma de abanico \u00fanica, con troncos rectos y alrededor de 10-20 m de altura. Esta planta se utiliza a menudo como punto focal en grandes \u00e1reas paisaj\u00edsticas como parques, plazas o jardines gracias a su aspecto particularmente atractivo.<\/p>","protected":false},"featured_media":6232,"template":"","meta":[],"product_brand":[],"product_cat":[301],"product_tag":[362],"class_list":{"0":"post-6221","1":"product","2":"type-product","3":"status-publish","4":"has-post-thumbnail","6":"product_cat-palm","7":"product_tag-palm","9":"first","10":"instock","11":"featured","12":"shipping-taxable","13":"product-type-simple"},"_links":{"self":[{"href":"https:\/\/kla.vn\/es\/wp-json\/wp\/v2\/product\/6221","targetHints":{"allow":["GET"]}}],"collection":[{"href":"https:\/\/kla.vn\/es\/wp-json\/wp\/v2\/product"}],"about":[{"href":"https:\/\/kla.vn\/es\/wp-json\/wp\/v2\/types\/product"}],"wp:featuredmedia":[{"embeddable":true,"href":"https:\/\/kla.vn\/es\/wp-json\/wp\/v2\/media\/6232"}],"wp:attachment":[{"href":"https:\/\/kla.vn\/es\/wp-json\/wp\/v2\/media?parent=6221"}],"wp:term":[{"taxonomy":"product_brand","embeddable":true,"href":"https:\/\/kla.vn\/es\/wp-json\/wp\/v2\/product_brand?post=6221"},{"taxonomy":"product_cat","embeddable":true,"href":"https:\/\/kla.vn\/es\/wp-json\/wp\/v2\/product_cat?post=6221"},{"taxonomy":"product_tag","embeddable":true,"href":"https:\/\/kla.vn\/es\/wp-json\/wp\/v2\/product_tag?post=6221"}],"curies":[{"name":"gracias","href":"https:\/\/api.w.org\/{rel}","templated":true}]}}