{"id":8346,"date":"2025-09-21T15:05:46","date_gmt":"2025-09-21T08:05:46","guid":{"rendered":"https:\/\/kla.vn\/?post_type=product&#038;p=8346"},"modified":"2025-09-21T15:22:21","modified_gmt":"2025-09-21T08:22:21","slug":"thuy-truc-thai-cyperus-papyrus","status":"publish","type":"product","link":"https:\/\/kla.vn\/es\/planta\/thuy-truc-thai-cyperus-papyrus\/","title":{"rendered":"Papiro Cyperus"},"content":{"rendered":"<h3 style=\"text-align: center\">C\u00f3mo cultivar y cuidar las plantas acu\u00e1ticas Thai Thuy Truc<\/h3>\n<h4 style=\"text-align: center\"><strong>Dificultad para cultivar plantas acu\u00e1ticas Thuy Truc Thai<\/strong><\/h4>\n<p><img loading=\"lazy\" decoding=\"async\" class=\"wp-image-8338 aligncenter\" src=\"https:\/\/kla.vn\/wp-content\/uploads\/2025\/09\/icon-do-kho-3-4-300x106.jpg\" alt=\"\" width=\"739\" height=\"261\" srcset=\"https:\/\/kla.vn\/wp-content\/uploads\/2025\/09\/icon-do-kho-3-4-300x106.jpg 300w, https:\/\/kla.vn\/wp-content\/uploads\/2025\/09\/icon-do-kho-3-4-768x271.jpg 768w, https:\/\/kla.vn\/wp-content\/uploads\/2025\/09\/icon-do-kho-3-4-18x6.jpg 18w, https:\/\/kla.vn\/wp-content\/uploads\/2025\/09\/icon-do-kho-3-4-150x53.jpg 150w, https:\/\/kla.vn\/wp-content\/uploads\/2025\/09\/icon-do-kho-3-4-696x245.jpg 696w, https:\/\/kla.vn\/wp-content\/uploads\/2025\/09\/icon-do-kho-3-4-600x212.jpg 600w, https:\/\/kla.vn\/wp-content\/uploads\/2025\/09\/icon-do-kho-3-4.jpg 800w\" sizes=\"auto, (max-width: 739px) 100vw, 739px\" \/><\/p>\n<p style=\"text-align: center\"><strong>Dificultad: 3-4\/6<\/strong><\/p>\n<p data-start=\"224\" data-end=\"616\">Las plantas acu\u00e1ticas de bamb\u00fa tailand\u00e9s son adecuadas para jugadores principiantes e intermedios porque:<br data-start=\"345\" data-end=\"348\" \/>\u2705 Hay muchas especies que son f\u00e1ciles de vivir y crecen r\u00e1pidamente (como el helecho acu\u00e1tico, la hierba cuchara, la centella acu\u00e1tica)<br data-start=\"431\" data-end=\"434\" \/>\u2705 Aporta valor est\u00e9tico, filtra el agua y crea ox\u00edgeno para el acuario.<br data-start=\"491\" data-end=\"494\" \/>\u2705 Se puede plantar directamente en sustrato acu\u00e1tico o flotante.<br data-start=\"551\" data-end=\"554\" \/>\u2705 Algunas especies requieren CO\u2082 y luz intensa, pero muchas plantas tolerantes solo necesitan luz moderada.<\/p>\n<h4 style=\"text-align: center\"><strong>Tierra para plantar <\/strong><strong>Bamb\u00fa tailand\u00e9s<\/strong><\/h4>\n<p><img loading=\"lazy\" decoding=\"async\" class=\"wp-image-8339 aligncenter\" src=\"https:\/\/kla.vn\/wp-content\/uploads\/2025\/09\/gia-the-trong-cay-thuy-sinh-300x225.png\" alt=\"\" width=\"705\" height=\"529\" srcset=\"https:\/\/kla.vn\/wp-content\/uploads\/2025\/09\/gia-the-trong-cay-thuy-sinh-300x225.png 300w, https:\/\/kla.vn\/wp-content\/uploads\/2025\/09\/gia-the-trong-cay-thuy-sinh-768x576.png 768w, https:\/\/kla.vn\/wp-content\/uploads\/2025\/09\/gia-the-trong-cay-thuy-sinh-16x12.png 16w, https:\/\/kla.vn\/wp-content\/uploads\/2025\/09\/gia-the-trong-cay-thuy-sinh-150x113.png 150w, https:\/\/kla.vn\/wp-content\/uploads\/2025\/09\/gia-the-trong-cay-thuy-sinh-696x522.png 696w, https:\/\/kla.vn\/wp-content\/uploads\/2025\/09\/gia-the-trong-cay-thuy-sinh-600x450.png 600w, https:\/\/kla.vn\/wp-content\/uploads\/2025\/09\/gia-the-trong-cay-thuy-sinh.png 800w\" sizes=\"auto, (max-width: 705px) 100vw, 705px\" \/><\/p>\n<p data-start=\"682\" data-end=\"751\">La mayor\u00eda de las plantas acu\u00e1ticas prefieren un sustrato rico en nutrientes y bien aireado.<\/p>\n<p data-start=\"753\" data-end=\"1019\">\ud83d\udccc <strong data-start=\"756\" data-end=\"785\">F\u00f3rmula base recomendada<\/strong>:<br data-start=\"786\" data-end=\"789\" \/>\u2705 2 partes de sustrato acu\u00e1tico industrial (ADA, Gex, Oliver Knott...) o sustrato mixto rico en nutrientes<br data-start=\"879\" data-end=\"882\" \/>\u2705 1 parte de grava, roca volc\u00e1nica o arena fina para el drenaje y para mantener las ra\u00edces fuertes<br data-start=\"948\" data-end=\"951\" \/>\u2705Puedes agregar fertilizante en la base de la planta para ayudarla a tomar color y crecer con fuerza.<\/p>\n<p data-start=\"1021\" data-end=\"1106\">\ud83d\udeab No utilice sustrato completamente desnudo (s\u00f3lo grava\/arena) para los rizomas porque pueden desnutrirse f\u00e1cilmente.<\/p>\n<h4 style=\"text-align: center\"><strong>Iluminaci\u00f3n adecuada para <\/strong><strong>Bamb\u00fa tailand\u00e9s<\/strong><\/h4>\n<p><img loading=\"lazy\" decoding=\"async\" class=\"wp-image-8340 aligncenter\" src=\"https:\/\/kla.vn\/wp-content\/uploads\/2025\/09\/anh-sang-3-1-300x56.png\" alt=\"\" width=\"171\" height=\"32\" srcset=\"https:\/\/kla.vn\/wp-content\/uploads\/2025\/09\/anh-sang-3-1-300x56.png 300w, https:\/\/kla.vn\/wp-content\/uploads\/2025\/09\/anh-sang-3-1-768x143.png 768w, https:\/\/kla.vn\/wp-content\/uploads\/2025\/09\/anh-sang-3-1-18x3.png 18w, https:\/\/kla.vn\/wp-content\/uploads\/2025\/09\/anh-sang-3-1-150x28.png 150w, https:\/\/kla.vn\/wp-content\/uploads\/2025\/09\/anh-sang-3-1-696x130.png 696w, https:\/\/kla.vn\/wp-content\/uploads\/2025\/09\/anh-sang-3-1-600x112.png 600w, https:\/\/kla.vn\/wp-content\/uploads\/2025\/09\/anh-sang-3-1.png 803w\" sizes=\"auto, (max-width: 171px) 100vw, 171px\" \/><\/p>\n<p data-start=\"180\" data-end=\"210\">\ud83d\udccc <strong data-start=\"183\" data-end=\"208\">Detalles de iluminaci\u00f3n:<\/strong><\/p>\n<p data-start=\"212\" data-end=\"430\">\u2705 <strong data-start=\"214\" data-end=\"227\">Mejor:<\/strong> Las plantas acu\u00e1ticas necesitan luz de <strong data-start=\"258\" data-end=\"275\">6\u201310 horas\/d\u00eda<\/strong>Utilice luces especiales para acuarios (LED, T5, T8) para sustituir la luz natural. Las plantas de hojas rojas (hierba roja, phalaenopsis rosada, etc.) necesitan una luz intensa para conservar su color.<\/p>\n<p data-start=\"432\" data-end=\"581\">\u2705 <strong data-start=\"434\" data-end=\"455\">Puede soportar:<\/strong> Luz media o baja durante periodos cortos (helechos, an\u00e9monas, musgos). Sin embargo, las plantas crecer\u00e1n lentamente y las hojas perder\u00e1n color.<\/p>\n<p data-start=\"583\" data-end=\"727\">\ud83d\udeab <strong data-start=\"586\" data-end=\"606\">Evite absolutamente:<\/strong> Mantenga el acuario con poca luz o ilumine la planta menos de 4 horas al d\u00eda. Con poca luz, las hojas de la planta amarillear\u00e1n, los tallos y las hojas se ablandar\u00e1n y crecer\u00e1n algas da\u00f1inas.<\/p>\n<p data-start=\"729\" data-end=\"753\">\ud83d\udca1 <strong data-start=\"732\" data-end=\"751\">Nota especial:<\/strong><\/p>\n<ul data-start=\"754\" data-end=\"1028\">\n<li data-start=\"754\" data-end=\"840\">\n<p data-start=\"756\" data-end=\"840\">Si las hojas son peque\u00f1as, de color p\u00e1lido o el tallo es anormalmente largo \u2192 podr\u00eda deberse a la falta de luz.<\/p>\n<\/li>\n<li data-start=\"841\" data-end=\"916\">\n<p data-start=\"843\" data-end=\"916\">La distancia entre la luz y la superficie del agua se puede ajustar (20-40 cm dependiendo del tipo de planta).<\/p>\n<\/li>\n<li data-start=\"917\" data-end=\"1028\">\n<p data-start=\"919\" data-end=\"1028\">Tiempo ideal de iluminaci\u00f3n: <strong data-start=\"950\" data-end=\"973\">8 horas continuas\/d\u00eda<\/strong>, evita encender y apagar la luz continuamente porque la planta tendr\u00e1 dificultad en adaptarse.<\/p>\n<\/li>\n<\/ul>\n<p data-start=\"1030\" data-end=\"1065\">\ud83d\udccd <strong data-start=\"1033\" data-end=\"1063\">Ubicaci\u00f3n ideal en la casa:<\/strong><\/p>\n<ul data-start=\"1066\" data-end=\"1281\">\n<li data-start=\"1066\" data-end=\"1118\">\n<p data-start=\"1068\" data-end=\"1118\">Coloque el acuario cerca de una ventana con luz natural tanto como sea posible.<\/p>\n<\/li>\n<li data-start=\"1119\" data-end=\"1184\">\n<p data-start=\"1121\" data-end=\"1184\">Si no hay luz natural \u2192 se deben utilizar luces de acuario.<\/p>\n<\/li>\n<li data-start=\"1185\" data-end=\"1281\">\n<p data-start=\"1187\" data-end=\"1281\">No utilice bombillas convencionales (hal\u00f3genas, incandescentes) porque el calor elevado aumenta la temperatura del agua.<\/p>\n<\/li>\n<\/ul>\n<h4 style=\"text-align: center\"><strong>Temperatura <\/strong><strong>adecuado para <\/strong><strong>Bamb\u00fa tailand\u00e9s<\/strong><img loading=\"lazy\" decoding=\"async\" class=\"wp-image-8277 aligncenter\" src=\"https:\/\/kla.vn\/wp-content\/uploads\/2025\/07\/kla.vn-nhiet-do-icon-26-30-300x56.png\" alt=\"Temperatura para las plantas\" width=\"177\" height=\"33\" srcset=\"https:\/\/kla.vn\/wp-content\/uploads\/2025\/07\/kla.vn-nhiet-do-icon-26-30-300x56.png 300w, https:\/\/kla.vn\/wp-content\/uploads\/2025\/07\/kla.vn-nhiet-do-icon-26-30-18x3.png 18w, https:\/\/kla.vn\/wp-content\/uploads\/2025\/07\/kla.vn-nhiet-do-icon-26-30-150x28.png 150w, https:\/\/kla.vn\/wp-content\/uploads\/2025\/07\/kla.vn-nhiet-do-icon-26-30.png 387w\" sizes=\"auto, (max-width: 177px) 100vw, 177px\" \/><\/h4>\n<div>\n<p data-start=\"1330\" data-end=\"1389\">\ud83c\udf3f <strong data-start=\"1333\" data-end=\"1373\">Temperatura ideal para las plantas acu\u00e1ticas:<\/strong> <strong data-start=\"1374\" data-end=\"1387\">22 \u2013 28 \u00b0C<\/strong><\/p>\n<p data-start=\"1391\" data-end=\"1409\">\ud83d\udccc <strong data-start=\"1394\" data-end=\"1407\">Caracter\u00edstica:<\/strong><\/p>\n<ul data-start=\"1410\" data-end=\"1601\">\n<li data-start=\"1410\" data-end=\"1516\">\n<p data-start=\"1412\" data-end=\"1516\">La mayor\u00eda de las plantas acu\u00e1ticas son originarias de los tr\u00f3picos \u2192 prefieren el calor y crecen bien en el rango de 22 a 28 \u00b0C.<\/p>\n<\/li>\n<li data-start=\"1517\" data-end=\"1601\">\n<p data-start=\"1519\" data-end=\"1601\">Puede tolerar ligeras variaciones pero no prospera en condiciones de fr\u00edo o calor extremos.<\/p>\n<\/li>\n<\/ul>\n<p data-start=\"1603\" data-end=\"1770\">\ud83d\udeab <strong data-start=\"1606\" data-end=\"1620\">Por debajo de 15\u00b0C:<\/strong> El \u00e1rbol crece lentamente, las hojas se amarillean f\u00e1cilmente, las ra\u00edces son d\u00e9biles e incluso deja de crecer.<br data-start=\"1689\" data-end=\"1692\" \/>\ud83d\udeab <strong data-start=\"1695\" data-end=\"1709\">Por encima de 32\u00b0C:<\/strong> El agua caliente provoca falta de ox\u00edgeno, las plantas se marchitan f\u00e1cilmente y crecen algas.<\/p>\n<p data-start=\"1772\" data-end=\"2009\">\ud83d\udccc <strong data-start=\"1775\" data-end=\"1785\">Nota:<\/strong><br data-start=\"1785\" data-end=\"1788\" \/>\u2705 En verano, conviene utilizar un ventilador de tanque o un enfriador para mantener la temperatura estable.<br data-start=\"1856\" data-end=\"1859\" \/>\u2705 En invierno, puedes utilizar un calentador para mantener el tanque por encima de los 20\u00b0C.<br data-start=\"1916\" data-end=\"1919\" \/>\u2705 Evite colocar el acuario cerca de fuentes de calor (estufa, luz solar directa) o en corrientes de aire fr\u00edo.<\/p>\n<\/div>\n<h4 style=\"text-align: center\"><strong>Agua <\/strong><strong>dar <\/strong><strong>Bamb\u00fa tailand\u00e9s<\/strong><\/h4>\n<p><img loading=\"lazy\" decoding=\"async\" class=\"wp-image-8342 aligncenter\" src=\"https:\/\/kla.vn\/wp-content\/uploads\/2025\/09\/kla.vn-nuoc-icon-5-300x56.png\" alt=\"\" width=\"220\" height=\"41\" srcset=\"https:\/\/kla.vn\/wp-content\/uploads\/2025\/09\/kla.vn-nuoc-icon-5-300x56.png 300w, https:\/\/kla.vn\/wp-content\/uploads\/2025\/09\/kla.vn-nuoc-icon-5-768x144.png 768w, https:\/\/kla.vn\/wp-content\/uploads\/2025\/09\/kla.vn-nuoc-icon-5-18x3.png 18w, https:\/\/kla.vn\/wp-content\/uploads\/2025\/09\/kla.vn-nuoc-icon-5-150x28.png 150w, https:\/\/kla.vn\/wp-content\/uploads\/2025\/09\/kla.vn-nuoc-icon-5-696x131.png 696w, https:\/\/kla.vn\/wp-content\/uploads\/2025\/09\/kla.vn-nuoc-icon-5-600x113.png 600w, https:\/\/kla.vn\/wp-content\/uploads\/2025\/09\/kla.vn-nuoc-icon-5.png 805w\" sizes=\"auto, (max-width: 220px) 100vw, 220px\" \/><\/p>\n<p data-start=\"136\" data-end=\"240\">Las plantas acu\u00e1ticas viven directamente en el agua, por lo que la calidad del agua es un factor clave para el crecimiento.<\/p>\n<p data-start=\"242\" data-end=\"579\">\ud83d\udccc <strong data-start=\"245\" data-end=\"274\">Principios del cuidado del agua:<\/strong><br data-start=\"274\" data-end=\"277\" \/>\u2705 Mantener el agua del lago clara, limpia y estable.<br data-start=\"325\" data-end=\"328\" \/>\u2705 Cambie el agua regularmente <strong data-start=\"348\" data-end=\"363\">20\u201330%\/semana<\/strong> para eliminar desechos y agregar minerales.<br data-start=\"408\" data-end=\"411\" \/>\u2705 pH ideal: <strong data-start=\"429\" data-end=\"442\">6.5 \u2013 7.5<\/strong> (La mayor\u00eda de las plantas acu\u00e1ticas prosperan en el rango neutral).<br data-start=\"504\" data-end=\"507\" \/>\u2705 La dureza (kH, gH) est\u00e1 en un nivel medio para que las plantas absorban mejor los nutrientes.<\/p>\n<p data-start=\"581\" data-end=\"596\">\ud83d\udeab <strong data-start=\"584\" data-end=\"594\">Evitar:<\/strong><\/p>\n<ul data-start=\"597\" data-end=\"786\">\n<li data-start=\"597\" data-end=\"673\">\n<p data-start=\"599\" data-end=\"673\">Cambie toda el agua de una vez \u2192 las plantas se ven f\u00e1cilmente afectadas por el entorno y los peces tambi\u00e9n.<\/p>\n<\/li>\n<li data-start=\"674\" data-end=\"716\">\n<p data-start=\"676\" data-end=\"716\">Utilice agua del grifo que no haya sido declorada\/cloraminada.<\/p>\n<\/li>\n<li data-start=\"717\" data-end=\"786\">\n<p data-start=\"719\" data-end=\"786\">Deje que el lago acumule algas da\u00f1inas y materia org\u00e1nica descompuesta, lo que provoca que el agua est\u00e9 turbia y maloliente.<\/p>\n<\/li>\n<\/ul>\n<h4 style=\"text-align: center\"><strong>Humedad <\/strong><strong>dar <\/strong><strong>Bamb\u00fa tailand\u00e9s<img loading=\"lazy\" decoding=\"async\" class=\"wp-image-8341 aligncenter\" src=\"https:\/\/kla.vn\/wp-content\/uploads\/2025\/09\/kla.vn-do-am-icon-300x56.png\" alt=\"\" width=\"204\" height=\"38\" srcset=\"https:\/\/kla.vn\/wp-content\/uploads\/2025\/09\/kla.vn-do-am-icon-300x56.png 300w, https:\/\/kla.vn\/wp-content\/uploads\/2025\/09\/kla.vn-do-am-icon-18x3.png 18w, https:\/\/kla.vn\/wp-content\/uploads\/2025\/09\/kla.vn-do-am-icon-150x28.png 150w, https:\/\/kla.vn\/wp-content\/uploads\/2025\/09\/kla.vn-do-am-icon.png 387w\" sizes=\"auto, (max-width: 204px) 100vw, 204px\" \/><\/strong><\/h4>\n<p data-start=\"824\" data-end=\"1024\">\ud83d\udccc Debido a que las plantas acu\u00e1ticas viven en el agua, <strong data-start=\"875\" data-end=\"914\">Mantenga siempre la humedad 100% alrededor de las ra\u00edces y los tallos.<\/strong>Sin embargo, el factor <strong data-start=\"934\" data-end=\"956\">aire h\u00famedo en la superficie del lago<\/strong> Tambi\u00e9n es importante en la etapa de nueva plantaci\u00f3n o semi\u00e1rida.<\/p>\n<p data-start=\"1026\" data-end=\"1283\">\u2705 En estanque inundado: las plantas no necesitan humedad externa adicional.<br data-start=\"1082\" data-end=\"1085\" \/>\u2705 En acuarios semi-terrazados (Wabi-kusa, semi-terrazado, Paludarium): la humedad del aire debe mantenerse en aproximadamente <strong data-start=\"1173\" data-end=\"1183\">70\u201390%<\/strong> para evitar que las hojas se sequen.<br data-start=\"1203\" data-end=\"1206\" \/>\u2705 Puedes utilizar un ventilador suave para evitar demasiada condensaci\u00f3n, ayudando a limitar el moho.<\/p>\n<p data-start=\"1285\" data-end=\"1300\">\ud83d\udeab <strong data-start=\"1288\" data-end=\"1298\">Evitar:<\/strong><\/p>\n<ul data-start=\"1301\" data-end=\"1450\">\n<li data-start=\"1301\" data-end=\"1380\">\n<p data-start=\"1303\" data-end=\"1380\">La humedad del aire es demasiado baja (&lt;50%) en el semiterrario \u2192 las hojas j\u00f3venes se secan f\u00e1cilmente y se curvan en los bordes.<\/p>\n<\/li>\n<li data-start=\"1381\" data-end=\"1450\">\n<p data-start=\"1383\" data-end=\"1450\">Demasiada humedad + hermeticidad \u2192 provoca f\u00e1cilmente la aparici\u00f3n de moho, pudrici\u00f3n de las hojas y crecimiento de musgo.<\/p>\n<\/li>\n<\/ul>\n<h4 style=\"text-align: center\"><strong>pH ideal <\/strong><strong>dar <\/strong><strong>Bamb\u00fa tailand\u00e9s<\/strong><\/h4>\n<p><img loading=\"lazy\" decoding=\"async\" class=\"wp-image-7996 aligncenter\" src=\"https:\/\/kla.vn\/wp-content\/uploads\/2025\/04\/icon-ph-cay-trong-nha-300x89.jpg\" alt=\"PH adecuado para filodendro\" width=\"678\" height=\"201\" srcset=\"https:\/\/kla.vn\/wp-content\/uploads\/2025\/04\/icon-ph-cay-trong-nha-300x89.jpg 300w, https:\/\/kla.vn\/wp-content\/uploads\/2025\/04\/icon-ph-cay-trong-nha-768x228.jpg 768w, https:\/\/kla.vn\/wp-content\/uploads\/2025\/04\/icon-ph-cay-trong-nha-18x5.jpg 18w, https:\/\/kla.vn\/wp-content\/uploads\/2025\/04\/icon-ph-cay-trong-nha-150x44.jpg 150w, https:\/\/kla.vn\/wp-content\/uploads\/2025\/04\/icon-ph-cay-trong-nha-696x206.jpg 696w, https:\/\/kla.vn\/wp-content\/uploads\/2025\/04\/icon-ph-cay-trong-nha-600x178.jpg 600w, https:\/\/kla.vn\/wp-content\/uploads\/2025\/04\/icon-ph-cay-trong-nha.jpg 800w\" sizes=\"auto, (max-width: 678px) 100vw, 678px\" \/><\/p>\n<p data-start=\"217\" data-end=\"282\">\ud83d\udccc <strong data-start=\"220\" data-end=\"240\">pH adecuado del agua:<\/strong> <strong data-start=\"241\" data-end=\"254\">6.5 \u2013 7.5<\/strong> (neutro a ligeramente \u00e1cido)<\/p>\n<p data-start=\"284\" data-end=\"603\">\u2705 La mayor\u00eda de las plantas acu\u00e1ticas crecen bien en el rango de <strong data-start=\"334\" data-end=\"347\">6.5 \u2013 7.0<\/strong><br data-start=\"347\" data-end=\"350\" \/>\u2705 Algunas especies (ar\u00e1ceas, helechos, musgos) pueden tolerar un pH ligeramente alcalino (hasta 8,0) pero la tasa de crecimiento ser\u00e1 m\u00e1s lenta.<br data-start=\"452\" data-end=\"455\" \/>\u2705 Si el pH es demasiado bajo (&lt;6,0): hojas amarillas, ra\u00edces d\u00e9biles, crecimiento lento de la planta<br data-start=\"518\" data-end=\"521\" \/>\u2705 Si el pH es demasiado alto (&gt;8,0): las plantas tienen dificultades para absorber hierro y oligoelementos, lo que puede provocar f\u00e1cilmente el amarilleamiento de las hojas j\u00f3venes.<\/p>\n<p data-start=\"605\" data-end=\"627\">\ud83d\udca1 <strong data-start=\"608\" data-end=\"625\">Consejos de cuidado:<\/strong><\/p>\n<ul data-start=\"628\" data-end=\"845\">\n<li data-start=\"628\" data-end=\"695\">\n<p data-start=\"630\" data-end=\"695\">Compruebe peri\u00f3dicamente el pH del agua con un kit de prueba de agua para acuarios\/plantas.<\/p>\n<\/li>\n<li data-start=\"696\" data-end=\"765\">\n<p data-start=\"698\" data-end=\"765\">Se puede utilizar <strong data-start=\"710\" data-end=\"735\">musgo de turba, hojas secas de almendra<\/strong> para bajar el pH si el agua es demasiado alcalina.<\/p>\n<\/li>\n<li data-start=\"766\" data-end=\"845\">\n<p data-start=\"768\" data-end=\"845\">Usar <strong data-start=\"773\" data-end=\"801\">coral triturado, polvo de dolomita<\/strong> Si desea aumentar el pH de un tanque con agua demasiado \u00e1cida.<\/p>\n<\/li>\n<\/ul>\n<h4 style=\"text-align: center\"><strong>Se admiten mascotas<\/strong><\/h4>\n<p><img loading=\"lazy\" decoding=\"async\" class=\"wp-image-8345 aligncenter\" src=\"https:\/\/kla.vn\/wp-content\/uploads\/2025\/09\/icon-pet-safe-300x53.jpg\" alt=\"\" width=\"475\" height=\"84\" srcset=\"https:\/\/kla.vn\/wp-content\/uploads\/2025\/09\/icon-pet-safe-300x53.jpg 300w, https:\/\/kla.vn\/wp-content\/uploads\/2025\/09\/icon-pet-safe-768x136.jpg 768w, https:\/\/kla.vn\/wp-content\/uploads\/2025\/09\/icon-pet-safe-18x3.jpg 18w, https:\/\/kla.vn\/wp-content\/uploads\/2025\/09\/icon-pet-safe-150x27.jpg 150w, https:\/\/kla.vn\/wp-content\/uploads\/2025\/09\/icon-pet-safe-696x124.jpg 696w, https:\/\/kla.vn\/wp-content\/uploads\/2025\/09\/icon-pet-safe-600x107.jpg 600w, https:\/\/kla.vn\/wp-content\/uploads\/2025\/09\/icon-pet-safe.jpg 800w\" sizes=\"auto, (max-width: 475px) 100vw, 475px\" \/><\/p>\n<p data-start=\"898\" data-end=\"1052\">Plantas acu\u00e1ticas en acuarios regulares <strong data-start=\"928\" data-end=\"964\">Seguro para perros, gatos y mascotas<\/strong>, ya que est\u00e1n sumergidos y rara vez son consumidos directamente por las mascotas. Sin embargo, es importante tener en cuenta lo siguiente:<\/p>\n<p data-start=\"1054\" data-end=\"1100\">\u26a0\ufe0f <strong data-start=\"1057\" data-end=\"1098\">Algunos riesgos si las mascotas juegan en el estanque:<\/strong><\/p>\n<ul data-start=\"1101\" data-end=\"1422\">\n<li data-start=\"1101\" data-end=\"1219\">\n<p data-start=\"1103\" data-end=\"1219\">Los perros y los gatos pueden <strong data-start=\"1119\" data-end=\"1141\">beber agua en el lago<\/strong> \u2192 Si el tanque contiene fertilizante o alguicida, puede causar una leve irritaci\u00f3n estomacal.<\/p>\n<\/li>\n<li data-start=\"1220\" data-end=\"1313\">\n<p data-start=\"1222\" data-end=\"1313\">Si mascotas <strong data-start=\"1235\" data-end=\"1256\">morder el \u00e1rbol directamente<\/strong> (raro), puede causar trastornos gastrointestinales leves, v\u00f3mitos.<\/p>\n<\/li>\n<li data-start=\"1314\" data-end=\"1422\">\n<p data-start=\"1316\" data-end=\"1422\">El agua sucia del estanque, con mucha alga o bacteria da\u00f1ina, puede causar mal olor y afectar la salud de las mascotas cuando entran en contacto con ellas.<\/p>\n<\/li>\n<\/ul>\n<p data-start=\"1424\" data-end=\"1454\">\ud83d\udea7 <strong data-start=\"1427\" data-end=\"1452\">Precauciones:<\/strong><\/p>\n<ul data-start=\"1455\" data-end=\"1672\">\n<li data-start=\"1455\" data-end=\"1530\">\n<p data-start=\"1457\" data-end=\"1530\">Coloque el acuario en un lugar seguro para evitar que las mascotas salten y lo rompan.<\/p>\n<\/li>\n<li data-start=\"1531\" data-end=\"1582\">\n<p data-start=\"1533\" data-end=\"1582\">Usar <strong data-start=\"1538\" data-end=\"1557\">tapa del tanque de vidrio<\/strong> si hay un gato travieso<\/p>\n<\/li>\n<li data-start=\"1583\" data-end=\"1672\">\n<p data-start=\"1585\" data-end=\"1672\">Limite el uso de productos qu\u00edmicos fuertes (eliminador de algas, desinfectante con cloro) si hay mascotas en la casa.<\/p>\n<\/li>\n<\/ul>\n<p data-start=\"1674\" data-end=\"1719\">\ud83d\udca1 <strong data-start=\"1677\" data-end=\"1717\">Notas adicionales para acuaristas:<\/strong><\/p>\n<ul data-start=\"1720\" data-end=\"2030\">\n<li data-start=\"1720\" data-end=\"1834\">\n<p data-start=\"1722\" data-end=\"1834\">Las plantas acu\u00e1ticas pueden vivir si se las cuida bien. <strong data-start=\"1770\" data-end=\"1792\">muchos a\u00f1os en el lago<\/strong>, solo necesita poda peri\u00f3dica y reorganizaci\u00f3n.<\/p>\n<\/li>\n<li data-start=\"1835\" data-end=\"1934\">\n<p data-start=\"1837\" data-end=\"1934\">A algunas plantas les gusta <strong data-start=\"1852\" data-end=\"1891\">Hierba roja, perla cubana, orqu\u00eddea mariposa rosa<\/strong> Necesita CO\u2082 y luz fuerte para obtener un buen color.<\/p>\n<\/li>\n<li data-start=\"1935\" data-end=\"2030\">\n<p data-start=\"1937\" data-end=\"2030\">Tipos <strong data-start=\"1946\" data-end=\"1968\">an\u00eds, helecho, musgo<\/strong> Muy duradero, adecuado para principiantes y aquellos que tienen peceras compartidas.<\/p>\n<\/li>\n<\/ul>","protected":false},"excerpt":{"rendered":"<p>El bamb\u00fa acu\u00e1tico tailand\u00e9s destaca por sus hojas largas, verdes y redondas, que parecen una sombrilla, creando una sensaci\u00f3n de elegancia y suavidad. Esta planta se cultiva a menudo en macetas, acuarios o jardines gracias a su buena capacidad de crecimiento y f\u00e1cil cuidado. Con su elegante forma y frescura, el bamb\u00fa acu\u00e1tico tailand\u00e9s no solo aporta belleza natural, sino que tambi\u00e9n ayuda a que el espacio se vuelva m\u00e1s armonioso y cercano a la naturaleza.<\/p>","protected":false},"featured_media":8347,"template":"","meta":[],"product_brand":[],"product_cat":[620],"product_tag":[621,624],"class_list":{"0":"post-8346","1":"product","2":"type-product","3":"status-publish","4":"has-post-thumbnail","6":"product_cat-aquatic-plant","7":"product_tag-cay-thuy-sinh","8":"product_tag-thuy-truc-thai","10":"first","11":"instock","12":"featured","13":"shipping-taxable","14":"product-type-simple"},"_links":{"self":[{"href":"https:\/\/kla.vn\/es\/wp-json\/wp\/v2\/product\/8346","targetHints":{"allow":["GET"]}}],"collection":[{"href":"https:\/\/kla.vn\/es\/wp-json\/wp\/v2\/product"}],"about":[{"href":"https:\/\/kla.vn\/es\/wp-json\/wp\/v2\/types\/product"}],"wp:featuredmedia":[{"embeddable":true,"href":"https:\/\/kla.vn\/es\/wp-json\/wp\/v2\/media\/8347"}],"wp:attachment":[{"href":"https:\/\/kla.vn\/es\/wp-json\/wp\/v2\/media?parent=8346"}],"wp:term":[{"taxonomy":"product_brand","embeddable":true,"href":"https:\/\/kla.vn\/es\/wp-json\/wp\/v2\/product_brand?post=8346"},{"taxonomy":"product_cat","embeddable":true,"href":"https:\/\/kla.vn\/es\/wp-json\/wp\/v2\/product_cat?post=8346"},{"taxonomy":"product_tag","embeddable":true,"href":"https:\/\/kla.vn\/es\/wp-json\/wp\/v2\/product_tag?post=8346"}],"curies":[{"name":"gracias","href":"https:\/\/api.w.org\/{rel}","templated":true}]}}